{"id":32,"date":"2024-02-21T22:02:18","date_gmt":"2024-02-21T22:02:18","guid":{"rendered":"http:\/\/193.194.89.193\/wp_lmma\/?page_id=32"},"modified":"2024-05-06T17:33:17","modified_gmt":"2024-05-06T17:33:17","slug":"equipes-de-recherche","status":"publish","type":"page","link":"https:\/\/lmma.usthb.dz\/index.php\/equipes-de-recherche\/","title":{"rendered":"\u00c9quipes de recherche"},"content":{"rendered":"\n<p><strong>Le laboratoire de <\/strong>m\u00e9tallog\u00e9nie et magmatisme de l\u2019Alg\u00e9rie <strong>est compos\u00e9 de cinq \u00e9quipes de recherche&nbsp;:<\/strong><\/p>\n\n\n\n<p>\u00c9quipe 1&nbsp;: <a href=\"https:\/\/lmma.usthb.dz\/index.php\/equipe-1\/\" data-type=\"page\" data-id=\"49\">Les min\u00e9ralisations li\u00e9es au volcanisme de la marge alg\u00e9rienne<\/a><\/p>\n\n\n\n<p>\u00c9quipe 2&nbsp;: <a href=\"https:\/\/lmma.usthb.dz\/index.php\/equipe-2\/\" data-type=\"page\" data-id=\"51\">Les min\u00e9ralisations de l\u2019Est et du SW alg\u00e9rien et leur contexte g\u00e9odynamique<\/a><\/p>\n\n\n\n<p>\u00c9quipe 3\u00a0: <a href=\"https:\/\/lmma.usthb.dz\/index.php\/equipe-3\/\" data-type=\"page\" data-id=\"54\">Les min\u00e9ralisations d\u2019or et les granites \u00e0 m\u00e9taux rares et les min\u00e9ralisations associ\u00e9es<\/a><\/p>\n\n\n\n<p>\u00c9quipe 4\u00a0: <a href=\"https:\/\/lmma.usthb.dz\/index.php\/equipe-4\/\" data-type=\"page\" data-id=\"56\">P\u00e9trologie des roches magmatiques en Alg\u00e9rie<\/a><\/p>\n","protected":false},"excerpt":{"rendered":"<p>Le laboratoire de m\u00e9tallog\u00e9nie et magmatisme de l\u2019Alg\u00e9rie est compos\u00e9 de cinq \u00e9quipes de recherche&nbsp;: \u00c9quipe 1&nbsp;: Les min\u00e9ralisations li\u00e9es au volcanisme de la marge alg\u00e9rienne \u00c9quipe 2&nbsp;: Les min\u00e9ralisations de l\u2019Est et du SW alg\u00e9rien et leur contexte g\u00e9odynamique <span class=\"readmore\"><a href=\"https:\/\/lmma.usthb.dz\/index.php\/equipes-de-recherche\/\">Continue Reading<\/a><\/span><\/p>\n","protected":false},"author":1,"featured_media":0,"parent":0,"menu_order":0,"comment_status":"closed","ping_status":"closed","template":"","meta":{"footnotes":""},"class_list":["post-32","page","type-page","status-publish","hentry"],"_links":{"self":[{"href":"https:\/\/lmma.usthb.dz\/index.php\/wp-json\/wp\/v2\/pages\/32","targetHints":{"allow":["GET"]}}],"collection":[{"href":"https:\/\/lmma.usthb.dz\/index.php\/wp-json\/wp\/v2\/pages"}],"about":[{"href":"https:\/\/lmma.usthb.dz\/index.php\/wp-json\/wp\/v2\/types\/page"}],"author":[{"embeddable":true,"href":"https:\/\/lmma.usthb.dz\/index.php\/wp-json\/wp\/v2\/users\/1"}],"replies":[{"embeddable":true,"href":"https:\/\/lmma.usthb.dz\/index.php\/wp-json\/wp\/v2\/comments?post=32"}],"version-history":[{"count":10,"href":"https:\/\/lmma.usthb.dz\/index.php\/wp-json\/wp\/v2\/pages\/32\/revisions"}],"predecessor-version":[{"id":267,"href":"https:\/\/lmma.usthb.dz\/index.php\/wp-json\/wp\/v2\/pages\/32\/revisions\/267"}],"wp:attachment":[{"href":"https:\/\/lmma.usthb.dz\/index.php\/wp-json\/wp\/v2\/media?parent=32"}],"curies":[{"name":"wp","href":"https:\/\/api.w.org\/{rel}","templated":true}]}}