{"id":49,"date":"2024-02-21T21:58:39","date_gmt":"2024-02-21T21:58:39","guid":{"rendered":"http:\/\/193.194.89.193\/wp_lmma\/?page_id=49"},"modified":"2024-05-06T16:34:54","modified_gmt":"2024-05-06T16:34:54","slug":"equipe-1","status":"publish","type":"page","link":"https:\/\/lmma.usthb.dz\/index.php\/equipe-1\/","title":{"rendered":"\u00c9quipe 1"},"content":{"rendered":"\n<h1 class=\"wp-block-heading\">Les min\u00e9ralisations li\u00e9es au volcanisme de la marge alg\u00e9rienne<\/h1>\n\n\n\n<h3 class=\"wp-block-heading\">MEMBRES<\/h3>\n\n\n\n<p><strong>Chef d\u2019\u00e9quipe\u00a0:<\/strong>\u00a0Prof.Hanafi BENALI<\/p>\n\n\n\n<figure class=\"wp-block-table has-small-font-size\"><table><thead><tr><th>Nom<\/th><th>Pr\u00e9nom<\/th><th>Grade<\/th><th>Structure de rattachement<\/th><\/tr><\/thead><tbody><tr><td>BENALI<\/td><td>Hanafi<\/td><td>Pr.<\/td><td>USTHB<\/td><\/tr><tr><td>LAZOUNI<\/td><td>Abdelhakim<\/td><td>MCB<\/td><td>USTHB<\/td><\/tr><tr><td>ISSAAD <\/td><td>Mouloud<\/td><td>MCB<\/td><td>USTHB<\/td><\/tr><tr><td>MOUSSAOUI <\/td><td>Khadidja<\/td><td>MCB<\/td><td>USTHB<\/td><\/tr><tr><td>HADJ MOHAMED <\/td><td>Nacera<\/td><td>MCB<\/td><td>UBK Meliana<\/td><\/tr><tr><td>BENRAMDANE<\/td><td>Hocine<\/td><td>MAA<\/td><td>USTO<\/td><\/tr><tr><td>NAIT AMARA<\/td><td>Baya<\/td><td>Dr. MAITRE DE RECHERCHE<\/td><td>CTC<\/td><\/tr><tr><td>LABDAOUI<\/td><td>Bouchra<\/td><td>DOCTORANT<\/td><td>USTHB<\/td><\/tr><tr><td>HAROUN<\/td><td>Samir<\/td><td>DOCTORANT<\/td><td>USTHB<\/td><\/tr><tr><td>YOUNES<\/td><td>Fouzia<\/td><td>DOCTORANT<\/td><td>USTHB<\/td><\/tr><tr><td>TOUATI<\/td><td>Lyes<\/td><td>DOCTORANT<\/td><td>USTHB<\/td><\/tr><\/tbody><\/table><\/figure>\n","protected":false},"excerpt":{"rendered":"<p>Les min\u00e9ralisations li\u00e9es au volcanisme de la marge alg\u00e9rienne MEMBRES Chef d\u2019\u00e9quipe\u00a0:\u00a0Prof.Hanafi BENALI Nom Pr\u00e9nom Grade Structure de rattachement BENALI Hanafi Pr. USTHB LAZOUNI Abdelhakim MCB USTHB ISSAAD Mouloud MCB USTHB MOUSSAOUI Khadidja MCB USTHB HADJ MOHAMED Nacera MCB UBK <span class=\"readmore\"><a href=\"https:\/\/lmma.usthb.dz\/index.php\/equipe-1\/\">Continue Reading<\/a><\/span><\/p>\n","protected":false},"author":1,"featured_media":0,"parent":0,"menu_order":0,"comment_status":"closed","ping_status":"closed","template":"","meta":{"footnotes":""},"class_list":["post-49","page","type-page","status-publish","hentry"],"_links":{"self":[{"href":"https:\/\/lmma.usthb.dz\/index.php\/wp-json\/wp\/v2\/pages\/49","targetHints":{"allow":["GET"]}}],"collection":[{"href":"https:\/\/lmma.usthb.dz\/index.php\/wp-json\/wp\/v2\/pages"}],"about":[{"href":"https:\/\/lmma.usthb.dz\/index.php\/wp-json\/wp\/v2\/types\/page"}],"author":[{"embeddable":true,"href":"https:\/\/lmma.usthb.dz\/index.php\/wp-json\/wp\/v2\/users\/1"}],"replies":[{"embeddable":true,"href":"https:\/\/lmma.usthb.dz\/index.php\/wp-json\/wp\/v2\/comments?post=49"}],"version-history":[{"count":8,"href":"https:\/\/lmma.usthb.dz\/index.php\/wp-json\/wp\/v2\/pages\/49\/revisions"}],"predecessor-version":[{"id":253,"href":"https:\/\/lmma.usthb.dz\/index.php\/wp-json\/wp\/v2\/pages\/49\/revisions\/253"}],"wp:attachment":[{"href":"https:\/\/lmma.usthb.dz\/index.php\/wp-json\/wp\/v2\/media?parent=49"}],"curies":[{"name":"wp","href":"https:\/\/api.w.org\/{rel}","templated":true}]}}