{"id":54,"date":"2024-02-21T22:00:28","date_gmt":"2024-02-21T22:00:28","guid":{"rendered":"http:\/\/193.194.89.193\/wp_lmma\/?page_id=54"},"modified":"2024-05-06T17:07:05","modified_gmt":"2024-05-06T17:07:05","slug":"equipe-3","status":"publish","type":"page","link":"https:\/\/lmma.usthb.dz\/index.php\/equipe-3\/","title":{"rendered":"\u00c9quipe 3"},"content":{"rendered":"\n<h1 class=\"wp-block-heading\">Les min\u00e9ralisations d\u2019or et les granites \u00e0 m\u00e9taux rares et les min\u00e9ralisations associ\u00e9es<\/h1>\n\n\n\n<h3 class=\"wp-block-heading\">MEMBRES<\/h3>\n\n\n\n<p><strong>Chef d\u2019\u00e9quipe\u00a0:<\/strong>\u00a0 Rabah BOUTRIKA<\/p>\n\n\n\n<figure class=\"wp-block-table has-small-font-size\"><table><thead><tr><th>Nom<\/th><th>Pr\u00e9nom<\/th><th>Grade<\/th><th>Structure de rattachement<\/th><\/tr><\/thead><tbody><tr><td>BOUTRIKA <\/td><td>Rabah<\/td><td>MCA<\/td><td>USTHB<\/td><\/tr><tr><td>TALBI <\/td><td>Abdelhak<\/td><td>Pr.<\/td><td>USTHB<\/td><\/tr><tr><td>CHAOUCHE<\/td><td>Ismahane<\/td><td>MAA<\/td><td>USTHB<\/td><\/tr><tr><td>SARNI <\/td><td>Yasmine<\/td><td>MAA<\/td><td>USTHB<\/td><\/tr><tr><td>AIT TALEB <\/td><td>Nadjet<\/td><td>MAA<\/td><td>USTHB<\/td><\/tr><tr><td>OULEBSIR<\/td><td>Fatiha<\/td><td>MAA<\/td><td>UM CONSTANTINE<\/td><\/tr><tr><td>BAGUI <\/td><td>Mokhtar<\/td><td>DOCTORANT<\/td><td>USTHB<\/td><\/tr><tr><td>AMIEUR <\/td><td>Maamar<\/td><td>DOCTORANT<\/td><td>USTHB<\/td><\/tr><tr><td>CHABANE <\/td><td>Ryadh<\/td><td>DOCTORANT<\/td><td>USTHB<\/td><\/tr><tr><td>CHEFI<\/td><td>Youcef<\/td><td>DOCTORANT<\/td><td>USTHB<\/td><\/tr><\/tbody><\/table><\/figure>\n","protected":false},"excerpt":{"rendered":"<p>Les min\u00e9ralisations d\u2019or et les granites \u00e0 m\u00e9taux rares et les min\u00e9ralisations associ\u00e9es MEMBRES Chef d\u2019\u00e9quipe\u00a0:\u00a0 Rabah BOUTRIKA Nom Pr\u00e9nom Grade Structure de rattachement BOUTRIKA Rabah MCA USTHB TALBI Abdelhak Pr. USTHB CHAOUCHE Ismahane MAA USTHB SARNI Yasmine MAA USTHB <span class=\"readmore\"><a href=\"https:\/\/lmma.usthb.dz\/index.php\/equipe-3\/\">Continue Reading<\/a><\/span><\/p>\n","protected":false},"author":1,"featured_media":0,"parent":0,"menu_order":0,"comment_status":"closed","ping_status":"closed","template":"","meta":{"footnotes":""},"class_list":["post-54","page","type-page","status-publish","hentry"],"_links":{"self":[{"href":"https:\/\/lmma.usthb.dz\/index.php\/wp-json\/wp\/v2\/pages\/54","targetHints":{"allow":["GET"]}}],"collection":[{"href":"https:\/\/lmma.usthb.dz\/index.php\/wp-json\/wp\/v2\/pages"}],"about":[{"href":"https:\/\/lmma.usthb.dz\/index.php\/wp-json\/wp\/v2\/types\/page"}],"author":[{"embeddable":true,"href":"https:\/\/lmma.usthb.dz\/index.php\/wp-json\/wp\/v2\/users\/1"}],"replies":[{"embeddable":true,"href":"https:\/\/lmma.usthb.dz\/index.php\/wp-json\/wp\/v2\/comments?post=54"}],"version-history":[{"count":9,"href":"https:\/\/lmma.usthb.dz\/index.php\/wp-json\/wp\/v2\/pages\/54\/revisions"}],"predecessor-version":[{"id":257,"href":"https:\/\/lmma.usthb.dz\/index.php\/wp-json\/wp\/v2\/pages\/54\/revisions\/257"}],"wp:attachment":[{"href":"https:\/\/lmma.usthb.dz\/index.php\/wp-json\/wp\/v2\/media?parent=54"}],"curies":[{"name":"wp","href":"https:\/\/api.w.org\/{rel}","templated":true}]}}