{"id":98,"date":"2024-02-22T09:40:04","date_gmt":"2024-02-22T09:40:04","guid":{"rendered":"http:\/\/193.194.89.193\/wp_lmma\/?page_id=98"},"modified":"2024-05-06T17:57:30","modified_gmt":"2024-05-06T17:57:30","slug":"accueil","status":"publish","type":"page","link":"https:\/\/lmma.usthb.dz\/","title":{"rendered":"Accueil"},"content":{"rendered":"\n<p><strong>IDENTIFICATION<\/strong><\/p>\n\n\n\n<figure class=\"wp-block-table has-small-font-size\"><table><tbody><tr><td>Nom<\/td><td>Laboratoire de M\u00e9tallog\u00e9nie et Magmatisme de l\u2019Alg\u00e9rie<\/td><\/tr><tr><td>Acronyme<\/td><td>LMMA<\/td><\/tr><tr><td>Mots cl\u00e9s&nbsp;<\/td><td><\/td><\/tr><tr><td>Facult\u00e9<\/td><td>Facult\u00e9 des Sciences de la Terre, de la G\u00e9ographie et&nbsp; de l\u2019Am\u00e9nagement du Territoire (FSTGAT)<\/td><\/tr><tr><td>D\u00e9partement<\/td><td>G\u00e9ologie<\/td><\/tr><tr><td>\u00c9tablissement<\/td><td>Universit\u00e9 des Sciences et de la Technologie Houari&nbsp; Boumediene (USTHB)<\/td><\/tr><tr><td>Localisation physique<\/td><td>FSTGAT \u2013 USTHB<\/td><\/tr><\/tbody><\/table><\/figure>\n\n\n\n<p><strong>AXES DE RECHERCHE<\/strong><\/p>\n\n\n\n<figure class=\"wp-block-table has-small-font-size\"><table><tbody><tr><td><strong>Th\u00e9matiques<\/strong><\/td><td><strong>Chefs d\u2019\u00e9quipe<\/strong><\/td><td><strong>Email<\/strong><\/td><\/tr><tr><\/tr><tr><\/tr><tr><\/tr><tr><\/tr><tr><\/tr><tr><\/tr><tr><\/tr><tr><\/tr><tr><\/tr><tr><td>1 &#8211; Les min\u00e9ralisations li\u00e9es au volcanisme de la marge alg\u00e9rienne<\/td><td>BENALI Hanafi<br><\/td><td>hbenali@yahoo.fr<\/td><\/tr><tr><\/tr><tr><\/tr><tr><\/tr><tr><\/tr><tr><\/tr><tr><\/tr><tr><\/tr><tr><\/tr><tr><\/tr><tr><td>2- Les min\u00e9ralisations de l\u2019Est et du SW alg\u00e9rien et leur contexte g\u00e9odynamique<\/td><td>BOUTALEB Abdelhak<br><\/td><td>Abdelhak_boutaleb@yahoo.fr<\/td><\/tr><tr><\/tr><tr><\/tr><tr><\/tr><tr><\/tr><tr><\/tr><tr><\/tr><tr><\/tr><tr><\/tr><tr><\/tr><tr><td>3-Les granites \u00e0 m\u00e9taux rares et les min\u00e9ralisations associ\u00e9es<\/td><td>BOUTRIKA Rabah<br><\/td><td>Boutrika1967@gmail.com<\/td><\/tr><tr><\/tr><tr><\/tr><tr><\/tr><tr><\/tr><tr><\/tr><tr><\/tr><tr><\/tr><tr><\/tr><tr><\/tr><tr><td>4 -P\u00e9trologie des roches magmatiques en Alg\u00e9rie.<br><\/td><td>ALLIGUI Fadela<\/td><td>Fadila.alligui@gmail.com<\/td><\/tr><\/tbody><\/table><\/figure>\n\n\n\n<p class=\"has-small-font-size\"><strong>Directeur du laboratoire&nbsp;:<\/strong> Pr. Abdelhak BOUTALEB<\/p>\n","protected":false},"excerpt":{"rendered":"<p>IDENTIFICATION Nom Laboratoire de M\u00e9tallog\u00e9nie et Magmatisme de l\u2019Alg\u00e9rie Acronyme LMMA Mots cl\u00e9s&nbsp; Facult\u00e9 Facult\u00e9 des Sciences de la Terre, de la G\u00e9ographie et&nbsp; de l\u2019Am\u00e9nagement du Territoire (FSTGAT) D\u00e9partement G\u00e9ologie \u00c9tablissement Universit\u00e9 des Sciences et de la Technologie Houari&nbsp; <span class=\"readmore\"><a href=\"https:\/\/lmma.usthb.dz\/\">Continue Reading<\/a><\/span><\/p>\n","protected":false},"author":1,"featured_media":0,"parent":0,"menu_order":0,"comment_status":"closed","ping_status":"closed","template":"","meta":{"footnotes":""},"class_list":["post-98","page","type-page","status-publish","hentry"],"_links":{"self":[{"href":"https:\/\/lmma.usthb.dz\/index.php\/wp-json\/wp\/v2\/pages\/98","targetHints":{"allow":["GET"]}}],"collection":[{"href":"https:\/\/lmma.usthb.dz\/index.php\/wp-json\/wp\/v2\/pages"}],"about":[{"href":"https:\/\/lmma.usthb.dz\/index.php\/wp-json\/wp\/v2\/types\/page"}],"author":[{"embeddable":true,"href":"https:\/\/lmma.usthb.dz\/index.php\/wp-json\/wp\/v2\/users\/1"}],"replies":[{"embeddable":true,"href":"https:\/\/lmma.usthb.dz\/index.php\/wp-json\/wp\/v2\/comments?post=98"}],"version-history":[{"count":7,"href":"https:\/\/lmma.usthb.dz\/index.php\/wp-json\/wp\/v2\/pages\/98\/revisions"}],"predecessor-version":[{"id":278,"href":"https:\/\/lmma.usthb.dz\/index.php\/wp-json\/wp\/v2\/pages\/98\/revisions\/278"}],"wp:attachment":[{"href":"https:\/\/lmma.usthb.dz\/index.php\/wp-json\/wp\/v2\/media?parent=98"}],"curies":[{"name":"wp","href":"https:\/\/api.w.org\/{rel}","templated":true}]}}